{"id":1934,"date":"2020-04-14T12:17:13","date_gmt":"2020-04-14T10:17:13","guid":{"rendered":"https:\/\/www.pehb.at\/career\/"},"modified":"2022-02-21T12:19:12","modified_gmt":"2022-02-21T11:19:12","slug":"career","status":"publish","type":"page","link":"https:\/\/pehb.at\/en\/career\/","title":{"rendered":"Career"},"content":{"rendered":"<div class=\"wpb-content-wrapper\"><p>[vc_row css_animation=&#8221;&#8221; row_type=&#8221;row&#8221; use_row_as_full_screen_section=&#8221;no&#8221; type=&#8221;full_width&#8221; angled_section=&#8221;no&#8221; text_align=&#8221;center&#8221; background_image_as_pattern=&#8221;without_pattern&#8221; el_id=&#8221;not-show-on-mobile&#8221; z_index=&#8221;&#8221;][vc_column]\n\t\t\t<!-- START KarriereEN REVOLUTION SLIDER 6.7.23 --><p class=\"rs-p-wp-fix\"><\/p>\n\t\t\t<rs-module-wrap id=\"pehb-slider_wrapper\" data-source=\"gallery\" style=\"visibility:hidden;background:transparent;padding:0;\">\n\t\t\t\t<rs-module id=\"pehb-slider\" style=\"\" data-version=\"6.7.23\">\n\t\t\t\t\t<rs-slides style=\"overflow: hidden; position: absolute;\">\n\t\t\t\t\t\t<rs-slide style=\"position: absolute;\" data-key=\"rs-26\" data-title=\"Opernglas\" data-duration=\"6000ms\" data-anim=\"adpr:false;ms:1510;\" data-in=\"o:0;\" data-out=\"a:false;\">\n\t\t\t\t\t\t\t<img fetchpriority=\"high\" decoding=\"async\" src=\"\/\/pehb.at\/wp-content\/plugins\/revslider\/sr6\/assets\/assets\/dummy.png\" alt=\"PEHB Slide Teetasse\" title=\"PEHB_Sujets_Web_1920x720_6\" width=\"1920\" height=\"760\" class=\"rev-slidebg tp-rs-img rs-lazyload\" data-lazyload=\"\/\/pehb.at\/wp-content\/uploads\/2020\/09\/PEHB_Sujets_Web_1920x720_6.jpg\" data-bg=\"p:right center;\" data-no-retina>\n<!--\n\t\t\t\t\t\t\t--><rs-layer\n\t\t\t\t\t\t\t\tid=\"slider-9-slide-26-layer-0\" \n\t\t\t\t\t\t\t\tdata-type=\"text\"\n\t\t\t\t\t\t\t\tdata-color=\"#fff\"\n\t\t\t\t\t\t\t\tdata-rsp_ch=\"on\"\n\t\t\t\t\t\t\t\tdata-xy=\"x:100px;y:100px;\"\n\t\t\t\t\t\t\t\tdata-text=\"w:normal;s:40;l:45;fw:300;\"\n\t\t\t\t\t\t\t\tdata-dim=\"minh:0px;\"\n\t\t\t\t\t\t\t\tdata-basealign=\"slide\"\n\t\t\t\t\t\t\t\tdata-frame_1=\"st:1000;sp:900;sR:1000;\"\n\t\t\t\t\t\t\t\tdata-frame_999=\"o:0;st:w;sp:150;sR:4100;\"\n\t\t\t\t\t\t\t\tstyle=\"z-index:10;font-family:'Arial', 'Helvetica', 'sans-serif';text-transform:uppercase;\"\n\t\t\t\t\t\t\t>Keeping you relaxed \n\t\t\t\t\t\t\t<\/rs-layer><!--\n\n\t\t\t\t\t\t\t--><rs-layer\n\t\t\t\t\t\t\t\tid=\"slider-9-slide-26-layer-2\" \n\t\t\t\t\t\t\t\tdata-type=\"text\"\n\t\t\t\t\t\t\t\tdata-color=\"#ffffff\"\n\t\t\t\t\t\t\t\tdata-rsp_ch=\"on\"\n\t\t\t\t\t\t\t\tdata-xy=\"x:100px;y:150px;\"\n\t\t\t\t\t\t\t\tdata-text=\"w:normal;s:40;l:46;fw:500;\"\n\t\t\t\t\t\t\t\tdata-dim=\"w:700px;\"\n\t\t\t\t\t\t\t\tdata-basealign=\"slide\"\n\t\t\t\t\t\t\t\tdata-frame_1=\"st:1590;sp:900;sR:1590;\"\n\t\t\t\t\t\t\t\tdata-frame_999=\"o:0;st:w;sp:150;sR:3510;\"\n\t\t\t\t\t\t\t\tstyle=\"z-index:9;font-family:'Arial', 'Helvetica', 'sans-serif';text-transform:uppercase;\"\n\t\t\t\t\t\t\t>in career decisions. \n\t\t\t\t\t\t\t<\/rs-layer><!--\n-->\t\t\t\t\t<\/rs-slide>\n\t\t\t\t\t<\/rs-slides>\n\t\t\t\t<\/rs-module>\n\t\t\t\t<script>\n\t\t\t\t\tsetREVStartSize({c: 'pehb-slider',rl:[1240,1024,778,480],el:[900],gw:[1250],gh:[900],type:'standard',justify:'',layout:'fullscreen',offsetContainer:'',offset:'',mh:\"0\"});if (window.RS_MODULES!==undefined && window.RS_MODULES.modules!==undefined && window.RS_MODULES.modules[\"pehbslider\"]!==undefined) {window.RS_MODULES.modules[\"pehbslider\"].once = false;window.revapi9 = undefined;if (window.RS_MODULES.checkMinimal!==undefined) window.RS_MODULES.checkMinimal()}\n\t\t\t\t<\/script>\n\t\t\t<\/rs-module-wrap>\n\t\t\t<!-- END REVOLUTION SLIDER -->\n[\/vc_column][\/vc_row][vc_row css_animation=&#8221;&#8221; row_type=&#8221;row&#8221; use_row_as_full_screen_section=&#8221;no&#8221; type=&#8221;full_width&#8221; angled_section=&#8221;no&#8221; text_align=&#8221;center&#8221; background_image_as_pattern=&#8221;without_pattern&#8221; el_id=&#8221;show-on-mobile&#8221; z_index=&#8221;&#8221;][vc_column]\n\t\t\t<!-- START KarriereMobileEN REVOLUTION SLIDER 6.7.23 --><p class=\"rs-p-wp-fix\"><\/p>\n\t\t\t<rs-module-wrap id=\"rev_slider_10_2_wrapper\" data-source=\"gallery\" style=\"visibility:hidden;background:transparent;padding:0;\">\n\t\t\t\t<rs-module id=\"rev_slider_10_2\" style=\"\" data-version=\"6.7.23\">\n\t\t\t\t\t<rs-slides style=\"overflow: hidden; position: absolute;\">\n\t\t\t\t\t\t<rs-slide style=\"position: absolute;\" data-key=\"rs-27\" data-title=\"Opernglas\" data-duration=\"6000ms\" data-anim=\"adpr:false;ms:1510;\" data-in=\"o:0;\" data-out=\"a:false;\">\n\t\t\t\t\t\t\t<img decoding=\"async\" src=\"\/\/pehb.at\/wp-content\/plugins\/revslider\/sr6\/assets\/assets\/dummy.png\" alt=\"PEHB Tee\" title=\"PEHB_Sujets_Tee_533x990_neu\" width=\"533\" height=\"990\" class=\"rev-slidebg tp-rs-img rs-lazyload\" data-lazyload=\"\/\/pehb.at\/wp-content\/uploads\/2021\/05\/PEHB_Sujets_Tee_533x990_neu.jpg\" data-bg=\"p:center bottom;\" data-no-retina>\n<!--\n\t\t\t\t\t\t\t--><rs-layer\n\t\t\t\t\t\t\t\tid=\"slider-10-slide-27-layer-0\" \n\t\t\t\t\t\t\t\tdata-type=\"text\"\n\t\t\t\t\t\t\t\tdata-color=\"#fff\"\n\t\t\t\t\t\t\t\tdata-rsp_ch=\"on\"\n\t\t\t\t\t\t\t\tdata-xy=\"xo:40px,40px,35px,25px;yo:40px,40px,120px,80px;\"\n\t\t\t\t\t\t\t\tdata-text=\"w:normal;s:50,50,30,28;l:55,55,38,36;fw:300;\"\n\t\t\t\t\t\t\t\tdata-dim=\"minh:0px,0px,none,none;\"\n\t\t\t\t\t\t\t\tdata-basealign=\"slide\"\n\t\t\t\t\t\t\t\tdata-frame_1=\"st:1000;sp:900;sR:1000;\"\n\t\t\t\t\t\t\t\tdata-frame_999=\"o:0;st:w;sp:150;sR:4100;\"\n\t\t\t\t\t\t\t\tstyle=\"z-index:5;font-family:'Arial', 'Helvetica', 'sans-serif';text-transform:uppercase;\"\n\t\t\t\t\t\t\t>Keeping you relaxed \n\t\t\t\t\t\t\t<\/rs-layer><!--\n\n\t\t\t\t\t\t\t--><rs-layer\n\t\t\t\t\t\t\t\tid=\"slider-10-slide-27-layer-2\" \n\t\t\t\t\t\t\t\tdata-type=\"text\"\n\t\t\t\t\t\t\t\tdata-rsp_ch=\"on\"\n\t\t\t\t\t\t\t\tdata-xy=\"xo:40px,40px,35px,25px;yo:92px,92px,198px,120px;\"\n\t\t\t\t\t\t\t\tdata-text=\"w:normal;s:50,50,30,28;l:65,65,38,36;fw:500;\"\n\t\t\t\t\t\t\t\tdata-dim=\"w:600px,600px,440px,360px;\"\n\t\t\t\t\t\t\t\tdata-basealign=\"slide\"\n\t\t\t\t\t\t\t\tdata-frame_1=\"st:1590;sp:900;sR:1590;\"\n\t\t\t\t\t\t\t\tdata-frame_999=\"o:0;st:w;sp:150;sR:3510;\"\n\t\t\t\t\t\t\t\tstyle=\"z-index:9;font-family:'Arial', 'Helvetica', 'sans-serif';text-transform:uppercase;\"\n\t\t\t\t\t\t\t>in Career decisions. \n\t\t\t\t\t\t\t<\/rs-layer><!--\n-->\t\t\t\t\t<\/rs-slide>\n\t\t\t\t\t<\/rs-slides>\n\t\t\t\t\t<rs-static-layers><!--\n\t\t\t\t\t--><\/rs-static-layers>\n\t\t\t\t<\/rs-module>\n\t\t\t\t<script>\n\t\t\t\t\tsetREVStartSize({c: 'rev_slider_10_2',rl:[1240,1240,778,480],el:[900,900,960,720],gw:[1240,1240,778,480],gh:[900,900,960,720],type:'standard',justify:'',layout:'fullscreen',offsetContainer:'',offset:'',mh:\"0\"});if (window.RS_MODULES!==undefined && window.RS_MODULES.modules!==undefined && window.RS_MODULES.modules[\"revslider102\"]!==undefined) {window.RS_MODULES.modules[\"revslider102\"].once = false;window.revapi10 = undefined;if (window.RS_MODULES.checkMinimal!==undefined) window.RS_MODULES.checkMinimal()}\n\t\t\t\t<\/script>\n\t\t\t<\/rs-module-wrap>\n\t\t\t<!-- END REVOLUTION SLIDER -->\n[\/vc_column][\/vc_row][vc_row css_animation=&#8221;&#8221; row_type=&#8221;row&#8221; use_row_as_full_screen_section=&#8221;no&#8221; type=&#8221;grid&#8221; angled_section=&#8221;no&#8221; text_align=&#8221;center&#8221; background_image_as_pattern=&#8221;without_pattern&#8221; css=&#8221;.vc_custom_1586859225143{background-color: #f9f9f9 !important;}&#8221; z_index=&#8221;&#8221;][vc_column][vc_empty_space height=&#8221;100px&#8221;][vc_column_text]<\/p>\n<h3 style=\"text-align: center;\">Career<\/h3>\n<p>[\/vc_column_text][vc_column_text]<\/p>\n<h1 style=\"text-align: center;\">Successful consultation.<br \/>\nTeamwork as the foundation.<\/h1>\n<p>[\/vc_column_text][vc_empty_space height=&#8221;60px&#8221;][\/vc_column][\/vc_row][vc_row css_animation=&#8221;&#8221; row_type=&#8221;row&#8221; use_row_as_full_screen_section=&#8221;no&#8221; type=&#8221;grid&#8221; angled_section=&#8221;no&#8221; text_align=&#8221;left&#8221; background_image_as_pattern=&#8221;without_pattern&#8221; css=&#8221;.vc_custom_1586859486367{background-color: #f9f9f9 !important;}&#8221; z_index=&#8221;&#8221;][vc_column width=&#8221;1\/12&#8243;][\/vc_column][vc_column width=&#8221;5\/12&#8243; el_class=&#8221;DinHL-subhl&#8221;][vc_column_text]As one of the leading law firms, PEHB sets very high standards for itself.[\/vc_column_text][vc_empty_space height=&#8221;20px&#8221;][\/vc_column][vc_column width=&#8221;5\/12&#8243;][vc_column_text]In order to live up to this claim, we put a lot of energy and effort into the sound training of our employees. All of our lawyers have been with the firm for many years, which we believe is one of the most important factors of our success.[\/vc_column_text][vc_empty_space height=&#8221;20px&#8221;][vc_column_text]We are always on the lookout for new talent. We expect a high level of commitment and dedication to the legal profession. In return, we offer ideal development opportunities. Training takes place via in-house events as well as external further education and training events, the costs of which we will take on as a matter of course.[\/vc_column_text][vc_empty_space height=&#8221;60px&#8221;][\/vc_column][vc_column width=&#8221;1\/12&#8243;][\/vc_column][\/vc_row][vc_row css_animation=&#8221;&#8221; row_type=&#8221;row&#8221; use_row_as_full_screen_section=&#8221;no&#8221; type=&#8221;grid&#8221; angled_section=&#8221;no&#8221; text_align=&#8221;left&#8221; background_image_as_pattern=&#8221;without_pattern&#8221; css=&#8221;.vc_custom_1587548577858{background-color: #f9f9f9 !important;}&#8221; z_index=&#8221;&#8221; el_class=&#8221;pehb-parallax-row&#8221;][vc_column parallax=&#8221;content-moving&#8221; parallax_image=&#8221;790&#8243;][vc_empty_space height=&#8221;400px&#8221;][\/vc_column][\/vc_row][vc_row css_animation=&#8221;&#8221; row_type=&#8221;row&#8221; use_row_as_full_screen_section=&#8221;no&#8221; type=&#8221;grid&#8221; angled_section=&#8221;no&#8221; text_align=&#8221;center&#8221; background_image_as_pattern=&#8221;without_pattern&#8221; css=&#8221;.vc_custom_1587548659788{margin-top: 60px !important;background-color: #f9f9f9 !important;}&#8221; z_index=&#8221;&#8221;][vc_column][vc_column_text]<\/p>\n<h3 style=\"text-align: center;\">Current vacancies<\/h3>\n<p>[\/vc_column_text][vc_column_text]<\/p>\n<h1 style=\"text-align: center;\">Open positions<\/h1>\n<p>[\/vc_column_text][vc_empty_space height=&#8221;60px&#8221;][\/vc_column][\/vc_row][vc_row css_animation=&#8221;&#8221; row_type=&#8221;row&#8221; use_row_as_full_screen_section=&#8221;no&#8221; type=&#8221;grid&#8221; angled_section=&#8221;no&#8221; text_align=&#8221;left&#8221; background_image_as_pattern=&#8221;without_pattern&#8221; css=&#8221;.vc_custom_1586863829873{background-color: #f9f9f9 !important;}&#8221; z_index=&#8221;&#8221;][vc_column]<div class=\"qode-advanced-tabs qode-advanced-tabs qode-advanced-horizontal-tab clearfix qode-advanced-tab-without-icon qode-advanced-tabs-column-2 clearfix\">\n\t<ul class=\"qode-advanced-tabs-nav\">\n\t\t\t\t\t<li>\n\t\t\t\t<h2>\n\t\t\t\t\t<a href=\"#tab-non-legal-employees-m-f-d\">\n\t\t\t\t\t\t\n\t\t\t\t\t\t\t\t\t\t\t\t\t<span class=\"qode-advanced-tab-text-after-icon\">\n\t\t\t\t\t\t\t\tNon-legal employees M\/F\/D\t\t\t\t\t\t\t<\/span>\n\t\t\t\t\t\t\t\t\t\t\t<\/a>\n\t\t\t\t<\/h2>\n\t\t\t<\/li>\n\t\t\t\t\t<li>\n\t\t\t\t<h2>\n\t\t\t\t\t<a href=\"#tab-unsolicited-application\">\n\t\t\t\t\t\t\n\t\t\t\t\t\t\t\t\t\t\t\t\t<span class=\"qode-advanced-tab-text-after-icon\">\n\t\t\t\t\t\t\t\tUnsolicited application\t\t\t\t\t\t\t<\/span>\n\t\t\t\t\t\t\t\t\t\t\t<\/a>\n\t\t\t\t<\/h2>\n\t\t\t<\/li>\n\t\t\t<\/ul>\n\t<div class=\"qode-advanced-tab-container\" id=\"tab-non-legal-employees-m-f-d-328\" data-icon-pack=\"\" data-icon-html=\"\">[vc_column_text]<\/p>\n<p style=\"text-align: center;\">Due to our continuous growth, we are looking for the following person for Salzburg:<\/p>\n<p style=\"text-align: center;\"><strong>ASSISTANT LAWYER (m\/f\/d)<\/strong><br \/>\n(40 hours per week)<\/p>\n<p>[\/vc_column_text][vc_empty_space height=&#8221;20px&#8221;][vc_row_inner row_type=&#8221;row&#8221; type=&#8221;grid&#8221; text_align=&#8221;left&#8221; css_animation=&#8221;&#8221;][vc_column_inner width=&#8221;1\/2&#8243; css=&#8221;.vc_custom_1586864169455{background-color: #f9f9f9 !important;}&#8221;][vc_column_text]<strong>Your tasks:<\/strong><\/p>\n<ul>\n<li>File management, preparation of cost and fee notes, court submissions<\/li>\n<li>Writing from dictation, preparing documents for appointments and events<\/li>\n<li>Planning and coordination of appointments and meetings<\/li>\n<li>Phone management<\/li>\n<li>Correspondence in German and English<\/li>\n<\/ul>\n<p>[\/vc_column_text][vc_empty_space height=&#8221;20px&#8221;][vc_column_text]<strong>Your requirements profile:<\/strong><\/p>\n<ul>\n<li>Experience as an assistant in a law, notary, or accounting firm desired, but not required<\/li>\n<li>Ability to work in a team<\/li>\n<li>Proficient in MS-Office, experience with Advokat an advantage<\/li>\n<li>excellent knowledge of German and good knowledge of English<\/li>\n<li>Initiative and good time management<\/li>\n<li>Commitment<\/li>\n<\/ul>\n<p>[\/vc_column_text][\/vc_column_inner][vc_column_inner width=&#8221;1\/2&#8243; css=&#8221;.vc_custom_1586864261487{background-color: #ffffff !important;}&#8221;][vc_column_text]<strong>You can expect:<\/strong><\/p>\n<ul>\n<li>Broad area of responsibility<\/li>\n<li>Responsible work with a lot of variety<\/li>\n<li>Possibility of further education and training<\/li>\n<li>Cooperative and friendly working atmosphere<\/li>\n<li>Dynamic, motivated team<\/li>\n<\/ul>\n<p>&nbsp;<\/p>\n<p>Gross salary for career starters \u20ac 1,500.00. Depending on qualifications and professional experience, we are prepared to pay extra in line with the market.[\/vc_column_text][\/vc_column_inner][\/vc_row_inner][vc_empty_space height=&#8221;60px&#8221;][vc_column_text]<\/p>\n<p style=\"text-align: center;\">If you are interested, please send your application to Pressl Endl Heinrich Bamberger Rechtsanw\u00e4lte GmbH, attn: Judit B\u00e1lint, Erzabt-Klotz-Stra\u00dfe 21A, 5020 Salzburg or by email to <a href=\"mailto:kanzleileitung@pehb.at\">kanzleileitung@pehb.at<\/a>.<\/p>\n<p style=\"text-align: center;\">By sending us your application documents, your personal data will be processed electronically for the purpose of the selection process and\/or employment. By sending it, you expressly consent to such processing.<\/p>\n<p>[\/vc_column_text][vc_empty_space height=&#8221;60px&#8221;]<\/div><div class=\"qode-advanced-tab-container\" id=\"tab-unsolicited-application-333\" data-icon-pack=\"\" data-icon-html=\"\">[vc_column_text]<\/p>\n<h3>Aroused your interest?<\/h3>\n<p>We are always looking for committed and motivated lawyers to strengthen our teams. We would be pleased to receive your written application with the usual documents.<\/p>\n<p>Please send your application to: <a href=\"mailto:kanzleileitung@pehb.at\">kanzleileitung@pehb.at<\/a>.<\/p>\n<p>By sending us your application documents, your personal data will be processed electronically for the purpose of the selection process and\/or employment. By sending it, you expressly consent to such processing.[\/vc_column_text][vc_empty_space height=&#8221;60px&#8221;]<\/div><\/div>[\/vc_column][\/vc_row]<\/p>\n<\/div>","protected":false},"excerpt":{"rendered":"<p>[vc_row css_animation=&#8221;&#8221; row_type=&#8221;row&#8221; use_row_as_full_screen_section=&#8221;no&#8221; type=&#8221;full_width&#8221; angled_section=&#8221;no&#8221; text_align=&#8221;center&#8221; background_image_as_pattern=&#8221;without_pattern&#8221; el_id=&#8221;not-show-on-mobile&#8221; z_index=&#8221;&#8221;][vc_column][\/vc_column][\/vc_row][vc_row css_animation=&#8221;&#8221; row_type=&#8221;row&#8221; use_row_as_full_screen_section=&#8221;no&#8221; type=&#8221;full_width&#8221; angled_section=&#8221;no&#8221; text_align=&#8221;center&#8221; background_image_as_pattern=&#8221;without_pattern&#8221; el_id=&#8221;show-on-mobile&#8221; z_index=&#8221;&#8221;][vc_column][\/vc_column][\/vc_row][vc_row css_animation=&#8221;&#8221; row_type=&#8221;row&#8221; use_row_as_full_screen_section=&#8221;no&#8221; type=&#8221;grid&#8221; angled_section=&#8221;no&#8221; text_align=&#8221;center&#8221; background_image_as_pattern=&#8221;without_pattern&#8221; css=&#8221;.vc_custom_1586859225143{background-color: #f9f9f9 !important;}&#8221; z_index=&#8221;&#8221;][vc_column][vc_empty_space height=&#8221;100px&#8221;][vc_column_text] Career [\/vc_column_text][vc_column_text] Successful consultation. Teamwork as the foundation. [\/vc_column_text][vc_empty_space height=&#8221;60px&#8221;][\/vc_column][\/vc_row][vc_row css_animation=&#8221;&#8221; row_type=&#8221;row&#8221; use_row_as_full_screen_section=&#8221;no&#8221; type=&#8221;grid&#8221;&#8230;<\/p>\n","protected":false},"author":3,"featured_media":0,"parent":0,"menu_order":5,"comment_status":"closed","ping_status":"closed","template":"full_width.php","meta":{"_acf_changed":false,"footnotes":""},"class_list":["post-1934","page","type-page","status-publish","hentry"],"acf":[],"_links":{"self":[{"href":"https:\/\/pehb.at\/en\/wp-json\/wp\/v2\/pages\/1934","targetHints":{"allow":["GET"]}}],"collection":[{"href":"https:\/\/pehb.at\/en\/wp-json\/wp\/v2\/pages"}],"about":[{"href":"https:\/\/pehb.at\/en\/wp-json\/wp\/v2\/types\/page"}],"author":[{"embeddable":true,"href":"https:\/\/pehb.at\/en\/wp-json\/wp\/v2\/users\/3"}],"replies":[{"embeddable":true,"href":"https:\/\/pehb.at\/en\/wp-json\/wp\/v2\/comments?post=1934"}],"version-history":[{"count":4,"href":"https:\/\/pehb.at\/en\/wp-json\/wp\/v2\/pages\/1934\/revisions"}],"predecessor-version":[{"id":1940,"href":"https:\/\/pehb.at\/en\/wp-json\/wp\/v2\/pages\/1934\/revisions\/1940"}],"wp:attachment":[{"href":"https:\/\/pehb.at\/en\/wp-json\/wp\/v2\/media?parent=1934"}],"curies":[{"name":"wp","href":"https:\/\/api.w.org\/{rel}","templated":true}]}}